{"id":1556,"date":"2012-04-10T20:15:27","date_gmt":"2012-04-10T20:15:27","guid":{"rendered":"http:\/\/www.nytonlist.net\/?page_id=1556"},"modified":"2014-09-05T00:38:23","modified_gmt":"2014-09-05T00:38:23","slug":"islenskt-og-efnilegt-okeypis-nidurhal","status":"publish","type":"page","link":"https:\/\/www.nytonlist.net\/?page_id=1556","title":{"rendered":"\u00d3keypis T\u00f3nlist"},"content":{"rendered":"<p><a href=\"http:\/\/www.nytonlist.net\/wp-content\/uploads\/2012\/04\/okeypis-tonlist-isl-efnilegt.jpg\" rel=\"gallery_group\"><img loading=\"lazy\" decoding=\"async\" class=\"alignnone size-full wp-image-1558\" title=\"\" src=\"http:\/\/www.nytonlist.net\/wp-content\/uploads\/2012\/04\/okeypis-tonlist-isl-efnilegt.jpg\" alt=\"\" width=\"588\" height=\"207\" srcset=\"https:\/\/www.nytonlist.net\/wp-content\/uploads\/2012\/04\/okeypis-tonlist-isl-efnilegt.jpg 588w, https:\/\/www.nytonlist.net\/wp-content\/uploads\/2012\/04\/okeypis-tonlist-isl-efnilegt-300x105.jpg 300w\" sizes=\"(max-width: 588px) 100vw, 588px\" \/><\/a><\/p>\n<p>Vi\u00f0 hj\u00e1 N\u00fd T\u00f3nlist h\u00f6fum me\u00f0 flokknum <a title=\"\u00cdslenskt og efnilegt\" href=\"http:\/\/www.nytonlist.net\/?page_id=97\">\u00cdslenskt og efnilegt<\/a> veri\u00f0 a\u00f0 efla \u00edslenskt t\u00f3nlistarl\u00edf og \u00fe\u00e1 einkum hj\u00e1 ungum listam\u00f6nnum sem vilja koma sinni t\u00f3nlist \u00e1 framf\u00e6ri.<br \/>\nN\u00fa h\u00f6fum vi\u00f0 teki\u00f0 upp \u00e1 \u00fea\u00f0 a\u00f0 bj\u00f3\u00f0a t\u00f3nlistarm\u00f6nnum a\u00f0 dreifa sinni t\u00f3nlist \u00ed gegnum vefinn. Endilega sko\u00f0a\u00f0u flokkinn <a title=\"\u00cdslenskt og efnilegt\" href=\"http:\/\/www.nytonlist.net\/?page_id=97\">\u00cdslenskt og efnilegt<\/a> n\u00e1nar ef \u00fe\u00fa vilt vera \u00ed samstarfi.<\/p>\n<div id=\"fb-root\"><\/div>\n<p><script>\/\/ <![CDATA[\n(function(d, s, id) {   var js, fjs = d.getElementsByTagName(s)[0];   if (d.getElementById(id)) return;   js = d.createElement(s); js.id = id;   js.src = \"\/\/connect.facebook.net\/en_US\/all.js#xfbml=1&#038;appId=258867447515078\";   fjs.parentNode.insertBefore(js, fjs); }(document, 'script', 'facebook-jssdk'));\n\/\/ ]]><\/script><\/p>\n<div class=\"fb-like\" data-href=\"http:\/\/www.nytonlist.net\/?page_id=1556\" data-send=\"false\" data-width=\"450\" data-show-faces=\"true\"><\/div>\n<p>\u00de\u00fa getur hla\u00f0i\u00f0 ni\u00f0ur l\u00f6gunum h\u00e9r fyrir ne\u00f0an \u00fe\u00e9r a\u00f0 kostna\u00f0arlausu.<\/p>\n<div class=\"wpfilebase-attachment\">\r\n <div class=\"wpfilebase-fileicon\"><a href=\"https:\/\/www.nytonlist.net\/?wpfb_dl=17\" title=\"Hla\u00f0a ni\u00f0ur Einn \u00cd Heiminum\"><img decoding=\"async\" align=\"middle\" src=\"https:\/\/www.nytonlist.net\/?wpfilebase_thumbnail=1&amp;fid=17&amp;name=thumb_12 00 - Einn \u00cd Heiminum filebase.jpg-120x80..jpg\" alt=\"Einn \u00cd Heiminum\" \/><\/a><\/div>\r\n <div class=\"wpfilebase-rightcol\">\r\n  <div class=\"wpfilebase-filetitle\">\r\n   <a href=\"https:\/\/www.nytonlist.net\/?wpfb_dl=17\" title=\"Hla\u00f0a ni\u00f0ur Einn \u00cd Heiminum\">Einn \u00cd Heiminum<\/a><br \/>\r\n   12 00 - Einn \u00cd Heiminum.mp3<br \/>\r\n   <a href=\"https:\/\/www.nytonlist.net\/?p=3248#wpfb-file-17\" class=\"wpfilebase-postlink\">Lesa fr\u00e9tt<\/a>\r\n  <\/div>\r\n  <div class=\"wpfilebase-filedetails\" id=\"wpfilebase-filedetails1\" style=\"display: none;\">\r\n  <p><\/p>\r\n  <table border=\"0\">\r\n   \r\n   <tr><td><strong>Flytjandi:<\/strong><\/td><td>12:00<\/td><\/tr>\r\n   <tr><td><strong>Lag:<\/strong><\/td><td>Einn \u00cd Heiminum<\/td><\/tr>   \r\n   \r\n   \r\n   \r\n   \r\n   \n    <tr><td><strong>Anna\u00f0:<\/strong><\/td><td>Ni\u00f0urhal \u00e1 \u00feessu lagi er me\u00f0 fullkomnu sam\u00feykki h\u00f6fundar og r\u00e9tthafa.<\/td><\/tr>\r\n<\/table>\r\n  <\/div>\r\n <\/div>\r\n <div class=\"wpfilebase-fileinfo\">\r\n  9.0 MiB<br \/>\r\n  <a href=\"#\" onclick=\"return wpfilebase_filedetails(1);\">Frekari uppl\u00fdsingar...<\/a>\r\n <\/div>\r\n <div style=\"clear: both;\"><\/div>\r\n<\/div>\n<div class=\"wpfilebase-attachment\">\r\n <div class=\"wpfilebase-fileicon\"><a href=\"https:\/\/www.nytonlist.net\/?wpfb_dl=16\" title=\"Hla\u00f0a ni\u00f0ur Shades Of Grey\"><img decoding=\"async\" align=\"middle\" src=\"https:\/\/www.nytonlist.net\/?wpfilebase_thumbnail=1&amp;fid=16&amp;name=thumb_Brandon Realmonte - Shades Of Grey-download-mynd.jpg-120x80..jpg\" alt=\"Shades Of Grey\" \/><\/a><\/div>\r\n <div class=\"wpfilebase-rightcol\">\r\n  <div class=\"wpfilebase-filetitle\">\r\n   <a href=\"https:\/\/www.nytonlist.net\/?wpfb_dl=16\" title=\"Hla\u00f0a ni\u00f0ur Shades Of Grey\">Shades Of Grey<\/a><br \/>\r\n   Brandon Realmonte - Shades of Grey.mp3<br \/>\r\n   <a href=\"https:\/\/www.nytonlist.net\/?p=3162#wpfb-file-16\" class=\"wpfilebase-postlink\">Lesa fr\u00e9tt<\/a>\r\n  <\/div>\r\n  <div class=\"wpfilebase-filedetails\" id=\"wpfilebase-filedetails2\" style=\"display: none;\">\r\n  <p><\/p>\r\n  <table border=\"0\">\r\n   \r\n   <tr><td><strong>Flytjandi:<\/strong><\/td><td>Brandon Realmonte<\/td><\/tr>\r\n   <tr><td><strong>Lag:<\/strong><\/td><td>Shades Of Grey<\/td><\/tr>   \r\n   \r\n   \r\n   \r\n   \r\n   \n    <tr><td><strong>Anna\u00f0:<\/strong><\/td><td>Ni\u00f0urhal \u00e1 \u00feessu lagi er me\u00f0 fullkomnu sam\u00feykki h\u00f6fundar og r\u00e9tthafa.\r\nThe download of this song is with complete agreement with the author and publisher.<\/td><\/tr>\r\n<\/table>\r\n  <\/div>\r\n <\/div>\r\n <div class=\"wpfilebase-fileinfo\">\r\n  6.5 MiB<br \/>\r\n  <a href=\"#\" onclick=\"return wpfilebase_filedetails(2);\">Frekari uppl\u00fdsingar...<\/a>\r\n <\/div>\r\n <div style=\"clear: both;\"><\/div>\r\n<\/div>\n<div class=\"wpfilebase-attachment\">\r\n <div class=\"wpfilebase-fileicon\"><a href=\"https:\/\/www.nytonlist.net\/?wpfb_dl=15\" title=\"Hla\u00f0a ni\u00f0ur Djamm\u00fer\u00f6stur \u00e1samt Fri\u00f0riki D\u00f3r og J\u00f3ni J\u00f3nssyni\"><img decoding=\"async\" align=\"middle\" src=\"https:\/\/www.nytonlist.net\/?wpfilebase_thumbnail=1&amp;fid=15&amp;name=thumb_L\u00f6gs\u00f6gumenn - Djamm\u00fer\u00f6stur \u00e1samt Fri\u00f0riki D\u00f3r og J\u00f3ni J\u00f3nssyni.jpg-120x80..jpg\" alt=\"Djamm\u00fer\u00f6stur \u00e1samt Fri\u00f0riki D\u00f3r og J\u00f3ni J\u00f3nssyni\" \/><\/a><\/div>\r\n <div class=\"wpfilebase-rightcol\">\r\n  <div class=\"wpfilebase-filetitle\">\r\n   <a href=\"https:\/\/www.nytonlist.net\/?wpfb_dl=15\" title=\"Hla\u00f0a ni\u00f0ur Djamm\u00fer\u00f6stur \u00e1samt Fri\u00f0riki D\u00f3r og J\u00f3ni J\u00f3nssyni\">Djamm\u00fer\u00f6stur \u00e1samt Fri\u00f0riki D\u00f3r og J\u00f3ni J\u00f3nssyni<\/a><br \/>\r\n   L\u00f6gs\u00f6gumenn - Djamm\u00fer\u00f6stur \u00e1samt Fri\u00f0riki D\u00f3r og J\u00f3ni J\u00f3nssyni nytonlist.net.mp3<br \/>\r\n   <a href=\"https:\/\/www.nytonlist.net\/?p=2989#wpfb-file-15\" class=\"wpfilebase-postlink\">Lesa fr\u00e9tt<\/a>\r\n  <\/div>\r\n  <div class=\"wpfilebase-filedetails\" id=\"wpfilebase-filedetails3\" style=\"display: none;\">\r\n  <p><\/p>\r\n  <table border=\"0\">\r\n   \r\n   <tr><td><strong>Flytjandi:<\/strong><\/td><td>L\u00f6gs\u00f6gumenn<\/td><\/tr>\r\n   <tr><td><strong>Lag:<\/strong><\/td><td>Djamm\u00fer\u00f6stur \u00e1samt Fri\u00f0riki D\u00f3r og J\u00f3ni J\u00f3nssyni<\/td><\/tr>   \r\n   \r\n   \r\n   \r\n   \r\n   \n    <tr><td><strong>Anna\u00f0:<\/strong><\/td><td>Ni\u00f0urhal \u00e1 \u00feessu lagi er me\u00f0 fullkomnu sam\u00feykki h\u00f6fundar og r\u00e9tthafa.<\/td><\/tr>\r\n<\/table>\r\n  <\/div>\r\n <\/div>\r\n <div class=\"wpfilebase-fileinfo\">\r\n  8.9 MiB<br \/>\r\n  <a href=\"#\" onclick=\"return wpfilebase_filedetails(3);\">Frekari uppl\u00fdsingar...<\/a>\r\n <\/div>\r\n <div style=\"clear: both;\"><\/div>\r\n<\/div>\n<div class=\"wpfilebase-attachment\">\r\n <div class=\"wpfilebase-fileicon\"><a href=\"https:\/\/www.nytonlist.net\/?wpfb_dl=14\" title=\"Hla\u00f0a ni\u00f0ur \u00dat \u00cd S\u00edg\u00f3 \u00e1samt \u00c1rmanni Ingva\"><img decoding=\"async\" align=\"middle\" src=\"https:\/\/www.nytonlist.net\/?wpfilebase_thumbnail=1&amp;fid=14&amp;name=thumb_Poetrix - \u00dat \u00cd S\u00edg\u00f3 \u00e1samt \u00c1rmanni Ingva-120x80.jpg-120x80.mp3\" alt=\"\u00dat \u00cd S\u00edg\u00f3 \u00e1samt \u00c1rmanni Ingva\" \/><\/a><\/div>\r\n <div class=\"wpfilebase-rightcol\">\r\n  <div class=\"wpfilebase-filetitle\">\r\n   <a href=\"https:\/\/www.nytonlist.net\/?wpfb_dl=14\" title=\"Hla\u00f0a ni\u00f0ur \u00dat \u00cd S\u00edg\u00f3 \u00e1samt \u00c1rmanni Ingva\">\u00dat \u00cd S\u00edg\u00f3 \u00e1samt \u00c1rmanni Ingva<\/a><br \/>\r\n   Poetrix - \u00dat \u00cd S\u00edg\u00f3 \u00e1samt \u00c1rmanni Ingva.mp3<br \/>\r\n   <a href=\"https:\/\/www.nytonlist.net\/?p=2955#wpfb-file-14\" class=\"wpfilebase-postlink\">Lesa fr\u00e9tt<\/a>\r\n  <\/div>\r\n  <div class=\"wpfilebase-filedetails\" id=\"wpfilebase-filedetails4\" style=\"display: none;\">\r\n  <p><\/p>\r\n  <table border=\"0\">\r\n   \r\n   <tr><td><strong>Flytjandi:<\/strong><\/td><td>Poetrix<\/td><\/tr>\r\n   <tr><td><strong>Lag:<\/strong><\/td><td>\u00dat \u00cd S\u00edg\u00f3 \u00e1samt \u00c1rmanni Ingva<\/td><\/tr>   \r\n   \r\n   \r\n   \r\n   \r\n   \n    <tr><td><strong>Anna\u00f0:<\/strong><\/td><td>Ni\u00f0urhal \u00e1 \u00feessu lagi er me\u00f0 fullkomnu sam\u00feykki h\u00f6fundar og r\u00e9tthafa.<\/td><\/tr>\r\n<\/table>\r\n  <\/div>\r\n <\/div>\r\n <div class=\"wpfilebase-fileinfo\">\r\n  11.2 MiB<br \/>\r\n  <a href=\"#\" onclick=\"return wpfilebase_filedetails(4);\">Frekari uppl\u00fdsingar...<\/a>\r\n <\/div>\r\n <div style=\"clear: both;\"><\/div>\r\n<\/div>\n<div class=\"wpfilebase-attachment\">\r\n <div class=\"wpfilebase-fileicon\"><a href=\"https:\/\/www.nytonlist.net\/?wpfb_dl=13\" title=\"Hla\u00f0a ni\u00f0ur \u00cd kv\u00f6ld (All-in) \u00e1samt Daniel Alvin\"><img decoding=\"async\" align=\"middle\" src=\"https:\/\/www.nytonlist.net\/?wpfilebase_thumbnail=1&amp;fid=13&amp;name=thumb_Ice Cold - \u00cd kv\u00f6ld (All-in) \u00e1samt Daniel Alvin-120x80.jpg-120x80.mp3\" alt=\"\u00cd kv\u00f6ld (All-in) \u00e1samt Daniel Alvin\" \/><\/a><\/div>\r\n <div class=\"wpfilebase-rightcol\">\r\n  <div class=\"wpfilebase-filetitle\">\r\n   <a href=\"https:\/\/www.nytonlist.net\/?wpfb_dl=13\" title=\"Hla\u00f0a ni\u00f0ur \u00cd kv\u00f6ld (All-in) \u00e1samt Daniel Alvin\">\u00cd kv\u00f6ld (All-in) \u00e1samt Daniel Alvin<\/a><br \/>\r\n   Ice Cold - \u00cd kv\u00f6ld (All-in) \u00e1samt Daniel Alvin.mp3<br \/>\r\n   <a href=\"https:\/\/www.nytonlist.net\/?p=1863#wpfb-file-13\" class=\"wpfilebase-postlink\">Lesa fr\u00e9tt<\/a>\r\n  <\/div>\r\n  <div class=\"wpfilebase-filedetails\" id=\"wpfilebase-filedetails5\" style=\"display: none;\">\r\n  <p><\/p>\r\n  <table border=\"0\">\r\n   \r\n   <tr><td><strong>Flytjandi:<\/strong><\/td><td>Ice Cold<\/td><\/tr>\r\n   <tr><td><strong>Lag:<\/strong><\/td><td>\u00cd kv\u00f6ld (All-in) \u00e1samt Daniel Alvin<\/td><\/tr>   \r\n   \r\n   \r\n   \r\n   \r\n   \n    <tr><td><strong>Anna\u00f0:<\/strong><\/td><td>Ni\u00f0urhal \u00e1 \u00feessu lagi er me\u00f0 fullkomnu sam\u00feykki h\u00f6fundar og r\u00e9tthafa.<\/td><\/tr>\r\n<\/table>\r\n  <\/div>\r\n <\/div>\r\n <div class=\"wpfilebase-fileinfo\">\r\n  6.8 MiB<br \/>\r\n  <a href=\"#\" onclick=\"return wpfilebase_filedetails(5);\">Frekari uppl\u00fdsingar...<\/a>\r\n <\/div>\r\n <div style=\"clear: both;\"><\/div>\r\n<\/div>\n<div class=\"wpfilebase-attachment\">\r\n <div class=\"wpfilebase-fileicon\"><a href=\"https:\/\/www.nytonlist.net\/?wpfb_dl=12\" title=\"Hla\u00f0a ni\u00f0ur VVI \"><img decoding=\"async\" align=\"middle\" src=\"https:\/\/www.nytonlist.net\/?wpfilebase_thumbnail=1&amp;fid=12&amp;name=thumb_Kristmundur Axel - VVI-120x80.jpg\" alt=\"VVI \" \/><\/a><\/div>\r\n <div class=\"wpfilebase-rightcol\">\r\n  <div class=\"wpfilebase-filetitle\">\r\n   <a href=\"https:\/\/www.nytonlist.net\/?wpfb_dl=12\" title=\"Hla\u00f0a ni\u00f0ur VVI \">VVI <\/a><br \/>\r\n   Kristmundur Axel - VVI.mp3<br \/>\r\n   <a href=\"https:\/\/www.nytonlist.net\/?p=1672#wpfb-file-12\" class=\"wpfilebase-postlink\">Lesa fr\u00e9tt<\/a>\r\n  <\/div>\r\n  <div class=\"wpfilebase-filedetails\" id=\"wpfilebase-filedetails6\" style=\"display: none;\">\r\n  <p><\/p>\r\n  <table border=\"0\">\r\n   \r\n   <tr><td><strong>Flytjandi:<\/strong><\/td><td>Kristmundur Axel<\/td><\/tr>\r\n   <tr><td><strong>Lag:<\/strong><\/td><td>VVI <\/td><\/tr>   \r\n   \r\n   \r\n   \r\n   \r\n   \n    <tr><td><strong>Anna\u00f0:<\/strong><\/td><td>Ni\u00f0urhal \u00e1 \u00feessu lagi er me\u00f0 fullkomnu sam\u00feykki h\u00f6fundar og r\u00e9tthafa.<\/td><\/tr>\r\n<\/table>\r\n  <\/div>\r\n <\/div>\r\n <div class=\"wpfilebase-fileinfo\">\r\n  6.9 MiB<br \/>\r\n  <a href=\"#\" onclick=\"return wpfilebase_filedetails(6);\">Frekari uppl\u00fdsingar...<\/a>\r\n <\/div>\r\n <div style=\"clear: both;\"><\/div>\r\n<\/div>\n<div class=\"wpfilebase-attachment\">\r\n <div class=\"wpfilebase-fileicon\"><a href=\"https:\/\/www.nytonlist.net\/?wpfb_dl=11\" title=\"Hla\u00f0a ni\u00f0ur Gengur Laus \u00e1samt Bjarna Jo\u00f0\"><img decoding=\"async\" align=\"middle\" src=\"https:\/\/www.nytonlist.net\/?wpfilebase_thumbnail=1&amp;fid=11&amp;name=thumb_\u00d3li 107 - Gengur Laus \u00e1samt Bjarna Jo\u00f0-120x80.jpg\" alt=\"Gengur Laus \u00e1samt Bjarna Jo\u00f0\" \/><\/a><\/div>\r\n <div class=\"wpfilebase-rightcol\">\r\n  <div class=\"wpfilebase-filetitle\">\r\n   <a href=\"https:\/\/www.nytonlist.net\/?wpfb_dl=11\" title=\"Hla\u00f0a ni\u00f0ur Gengur Laus \u00e1samt Bjarna Jo\u00f0\">Gengur Laus \u00e1samt Bjarna Jo\u00f0<\/a><br \/>\r\n   \u00d3li 107 - Gengur Laus \u00e1samt Bjarna Jo\u00f0.mp3<br \/>\r\n   <a href=\"https:\/\/www.nytonlist.net\/?p=1583#wpfb-file-11\" class=\"wpfilebase-postlink\">Lesa fr\u00e9tt<\/a>\r\n  <\/div>\r\n  <div class=\"wpfilebase-filedetails\" id=\"wpfilebase-filedetails7\" style=\"display: none;\">\r\n  <p><\/p>\r\n  <table border=\"0\">\r\n   \r\n   <tr><td><strong>Flytjandi:<\/strong><\/td><td>\u00d3li 107<\/td><\/tr>\r\n   <tr><td><strong>Lag:<\/strong><\/td><td>Gengur Laus \u00e1samt Bjarna Jo\u00f0<\/td><\/tr>   \r\n   \r\n   \r\n   \r\n   \r\n   \n    <tr><td><strong>Anna\u00f0:<\/strong><\/td><td>Ni\u00f0urhal \u00e1 \u00feessu lagi er me\u00f0 fullkomnu sam\u00feykki h\u00f6fundar og r\u00e9tthafa.<\/td><\/tr>\r\n<\/table>\r\n  <\/div>\r\n <\/div>\r\n <div class=\"wpfilebase-fileinfo\">\r\n  6.6 MiB<br \/>\r\n  <a href=\"#\" onclick=\"return wpfilebase_filedetails(7);\">Frekari uppl\u00fdsingar...<\/a>\r\n <\/div>\r\n <div style=\"clear: both;\"><\/div>\r\n<\/div>\n<div class=\"wpfilebase-attachment\">\r\n <div class=\"wpfilebase-fileicon\"><a href=\"https:\/\/www.nytonlist.net\/?wpfb_dl=6\" title=\"Hla\u00f0a ni\u00f0ur \u00dea\u00f0 Sem \u00c9g Geri \u00e1samt Daniel Alvin og Kristmundi Axel\"><img decoding=\"async\" align=\"middle\" src=\"https:\/\/www.nytonlist.net\/?wpfilebase_thumbnail=1&amp;fid=6&amp;name=thumb_Bjarni-J-2[1]-120x80.jpg\" alt=\"\u00dea\u00f0 Sem \u00c9g Geri \u00e1samt Daniel Alvin og Kristmundi Axel\" \/><\/a><\/div>\r\n <div class=\"wpfilebase-rightcol\">\r\n  <div class=\"wpfilebase-filetitle\">\r\n   <a href=\"https:\/\/www.nytonlist.net\/?wpfb_dl=6\" title=\"Hla\u00f0a ni\u00f0ur \u00dea\u00f0 Sem \u00c9g Geri \u00e1samt Daniel Alvin og Kristmundi Axel\">\u00dea\u00f0 Sem \u00c9g Geri \u00e1samt Daniel Alvin og Kristmundi Axel<\/a><br \/>\r\n   Bjarni J - \u00dea\u00f0 Sem \u00c9g Geri \u00e1samt Daniel Alvin og Kristmundi Axel nytonlist.net.mp3<br \/>\r\n   <a href=\"https:\/\/www.nytonlist.net\/?p=887#wpfb-file-6\" class=\"wpfilebase-postlink\">Lesa fr\u00e9tt<\/a>\r\n  <\/div>\r\n  <div class=\"wpfilebase-filedetails\" id=\"wpfilebase-filedetails8\" style=\"display: none;\">\r\n  <p><\/p>\r\n  <table border=\"0\">\r\n   \r\n   <tr><td><strong>Flytjandi:<\/strong><\/td><td>Bjarni J<\/td><\/tr>\r\n   <tr><td><strong>Lag:<\/strong><\/td><td>\u00dea\u00f0 Sem \u00c9g Geri \u00e1samt Daniel Alvin og Kristmundi Axel<\/td><\/tr>   \r\n   \r\n   \r\n   \r\n   \r\n   \n    <tr><td><strong>Anna\u00f0:<\/strong><\/td><td>Ni\u00f0urhal \u00e1 \u00feessu lagi er me\u00f0 fullkomnu sam\u00feykki h\u00f6fundar og r\u00e9tthafa.<\/td><\/tr>\r\n<\/table>\r\n  <\/div>\r\n <\/div>\r\n <div class=\"wpfilebase-fileinfo\">\r\n  7.1 MiB<br \/>\r\n  <a href=\"#\" onclick=\"return wpfilebase_filedetails(8);\">Frekari uppl\u00fdsingar...<\/a>\r\n <\/div>\r\n <div style=\"clear: both;\"><\/div>\r\n<\/div>\n<div class=\"wpfilebase-attachment\">\r\n <div class=\"wpfilebase-fileicon\"><a href=\"https:\/\/www.nytonlist.net\/?wpfb_dl=5\" title=\"Hla\u00f0a ni\u00f0ur \u00c9g Vil F\u00e1 M\u00e9r K\u00e6rustu (Stef\u00e1n Marel Cover)\"><img decoding=\"async\" align=\"middle\" src=\"https:\/\/www.nytonlist.net\/?wpfilebase_thumbnail=1&amp;fid=5&amp;name=thumb_Stef%C3%A1n-Marel-300x177[1]-120x70.jpg\" alt=\"\u00c9g Vil F\u00e1 M\u00e9r K\u00e6rustu (Stef\u00e1n Marel Cover)\" \/><\/a><\/div>\r\n <div class=\"wpfilebase-rightcol\">\r\n  <div class=\"wpfilebase-filetitle\">\r\n   <a href=\"https:\/\/www.nytonlist.net\/?wpfb_dl=5\" title=\"Hla\u00f0a ni\u00f0ur \u00c9g Vil F\u00e1 M\u00e9r K\u00e6rustu (Stef\u00e1n Marel Cover)\">\u00c9g Vil F\u00e1 M\u00e9r K\u00e6rustu (Stef\u00e1n Marel Cover)<\/a><br \/>\r\n   Hj\u00e1lmar - \u00c9g Vil F\u00e1 M\u00e9r K\u00e6rustu (Stef\u00e1n Marel Cover) nytonlist.net.mp3<br \/>\r\n   <a href=\"https:\/\/www.nytonlist.net\/?p=854#wpfb-file-5\" class=\"wpfilebase-postlink\">Lesa fr\u00e9tt<\/a>\r\n  <\/div>\r\n  <div class=\"wpfilebase-filedetails\" id=\"wpfilebase-filedetails9\" style=\"display: none;\">\r\n  <p><\/p>\r\n  <table border=\"0\">\r\n   \r\n   <tr><td><strong>Flytjandi:<\/strong><\/td><td>Hj\u00e1lmar<\/td><\/tr>\r\n   <tr><td><strong>Lag:<\/strong><\/td><td>\u00c9g Vil F\u00e1 M\u00e9r K\u00e6rustu (Stef\u00e1n Marel Cover)<\/td><\/tr>   \r\n   \r\n   \r\n   \r\n   \r\n   \n    <tr><td><strong>Anna\u00f0:<\/strong><\/td><td>Ni\u00f0urhal \u00e1 \u00feessu lagi er me\u00f0 fullkomnu leyfi flytjanda og r\u00e9tthafa.<\/td><\/tr>\r\n<\/table>\r\n  <\/div>\r\n <\/div>\r\n <div class=\"wpfilebase-fileinfo\">\r\n  7.0 MiB<br \/>\r\n  <a href=\"#\" onclick=\"return wpfilebase_filedetails(9);\">Frekari uppl\u00fdsingar...<\/a>\r\n <\/div>\r\n <div style=\"clear: both;\"><\/div>\r\n<\/div>\n<div class=\"wpfilebase-attachment\">\r\n <div class=\"wpfilebase-fileicon\"><a href=\"https:\/\/www.nytonlist.net\/?wpfb_dl=4\" title=\"Hla\u00f0a ni\u00f0ur Vegurinn Til \u00c1star\"><img decoding=\"async\" align=\"middle\" src=\"https:\/\/www.nytonlist.net\/?wpfilebase_thumbnail=1&amp;fid=4&amp;name=thumb_Bjarni-J[1]-120x80.jpg\" alt=\"Vegurinn Til \u00c1star\" \/><\/a><\/div>\r\n <div class=\"wpfilebase-rightcol\">\r\n  <div class=\"wpfilebase-filetitle\">\r\n   <a href=\"https:\/\/www.nytonlist.net\/?wpfb_dl=4\" title=\"Hla\u00f0a ni\u00f0ur Vegurinn Til \u00c1star\">Vegurinn Til \u00c1star<\/a><br \/>\r\n   Bjarni Jo\u00f0  - Vegurinn Til \u00c1star \u00e1samt \u00deorbj\u00f6rgu Erlu.mp3<br \/>\r\n   <a href=\"https:\/\/www.nytonlist.net\/?p=788#wpfb-file-4\" class=\"wpfilebase-postlink\">Lesa fr\u00e9tt<\/a>\r\n  <\/div>\r\n  <div class=\"wpfilebase-filedetails\" id=\"wpfilebase-filedetails10\" style=\"display: none;\">\r\n  <p>Bjarni J - Vegurinn Til \u00c1star<\/p>\r\n  <table border=\"0\">\r\n   \r\n   <tr><td><strong>Flytjandi:<\/strong><\/td><td>Bjarni J<\/td><\/tr>\r\n   <tr><td><strong>Lag:<\/strong><\/td><td>Vegurinn Til \u00c1star<\/td><\/tr>   \r\n   \r\n   \r\n   \r\n   \r\n   \n    <tr><td><strong>Anna\u00f0:<\/strong><\/td><td>Ni\u00f0urhal \u00e1 \u00feessu lagi er me\u00f0 fullkomnu sam\u00feykki h\u00f6fundar.<\/td><\/tr>\r\n<\/table>\r\n  <\/div>\r\n <\/div>\r\n <div class=\"wpfilebase-fileinfo\">\r\n  4.7 MiB<br \/>\r\n  <a href=\"#\" onclick=\"return wpfilebase_filedetails(10);\">Frekari uppl\u00fdsingar...<\/a>\r\n <\/div>\r\n <div style=\"clear: both;\"><\/div>\r\n<\/div>\n<div><div style=\"padding-top:10px;margin-bottom:10px;font-size:10pt;font-family:arial;font-weight:bold;\"><\/div><div class=simplesocial><a href=\"http:\/\/twitter.com\/share\" data-url=\"https:\/\/www.nytonlist.net\/?page_id=1556\" data-text=\"%C3%93keypis+T%C3%B3nlist\" class=\"twitter-share-button\" data-count=\"horizontal\">Tweet<\/a><script type=\"text\/javascript\" src=\"http:\/\/platform.twitter.com\/widgets.js\"><\/script><\/div><div class=simplesocial><iframe src=\"http:\/\/www.facebook.com\/plugins\/like.php?href=https%3A%2F%2Fwww.nytonlist.net%2F%3Fpage_id%3D1556&layout=standard&show_faces=false&width=450&action=like&colorscheme=light&height=35\" scrolling=\"no\" frameborder=\"0\" style=\"border:none; overflow:hidden; width:450px; height:25px;\" allowTransparency=\"true\"><\/iframe><\/div><div style=\"clear:both\"><\/div><a class=simplesocial onclick=\"return simplesocial(this,500,400)\" title=\"Share on Facebook\" style=\"background:url(http:\/\/www.nytonlist.net\/wp-content\/plugins\/simple-social-sharing-widgets-icons\/icons_32\/facebook.png)\" href=\"http:\/\/www.facebook.com\/share.php?u=https%3A%2F%2Fwww.nytonlist.net%2F%3Fpage_id%3D1556&t=%C3%93keypis+T%C3%B3nlist\"><\/a><a class=simplesocial onclick=\"return simplesocial(this,435,500)\" title=\"Email a Friend\" style=\"background:url(http:\/\/www.nytonlist.net\/wp-content\/plugins\/simple-social-sharing-widgets-icons\/icons_32\/email.png)\" href=\"http:\/\/www.freetellafriend.com\/tell\/?heading=Share+This+Article&bg=1&option=email&url=https%3A%2F%2Fwww.nytonlist.net%2F%3Fpage_id%3D1556\"><\/a><a class=simplesocial onclick=\"return simplesocial(this,750,500)\" title=\"Share on Google\" style=\"background:url(http:\/\/www.nytonlist.net\/wp-content\/plugins\/simple-social-sharing-widgets-icons\/icons_32\/google.png)\" href=\"http:\/\/www.google.com\/bookmarks\/mark?op=add&bkmk=https%3A%2F%2Fwww.nytonlist.net%2F%3Fpage_id%3D1556&title=%C3%93keypis+T%C3%B3nlist\"><\/a><\/div><div style=\"clear:both;margin-bottom:20px\"><\/div>","protected":false},"excerpt":{"rendered":"<p>Vi\u00f0 hj\u00e1 N\u00fd T\u00f3nlist h\u00f6fum me\u00f0 flokknum \u00cdslenskt og efnilegt veri\u00f0 a\u00f0 efla \u00edslenskt t\u00f3nlistarl\u00edf og \u00fe\u00e1 einkum hj\u00e1 ungum listam\u00f6nnum sem vilja koma sinni t\u00f3nlist \u00e1 framf\u00e6ri. N\u00fa h\u00f6fum vi\u00f0 teki\u00f0 upp \u00e1 \u00fea\u00f0 a\u00f0 bj\u00f3\u00f0a t\u00f3nlistarm\u00f6nnum a\u00f0 dreifa sinni t\u00f3nlist \u00ed gegnum vefinn. Endilega sko\u00f0a\u00f0u flokkinn \u00cdslenskt og efnilegt n\u00e1nar ef \u00fe\u00fa vilt vera \u00ed samstarfi. \u00de\u00fa getur&#8230;<\/p>\n","protected":false},"author":3,"featured_media":1559,"parent":0,"menu_order":1,"comment_status":"closed","ping_status":"open","template":"","meta":{"footnotes":"","_links_to":"","_links_to_target":""},"_links":{"self":[{"href":"https:\/\/www.nytonlist.net\/index.php?rest_route=\/wp\/v2\/pages\/1556"}],"collection":[{"href":"https:\/\/www.nytonlist.net\/index.php?rest_route=\/wp\/v2\/pages"}],"about":[{"href":"https:\/\/www.nytonlist.net\/index.php?rest_route=\/wp\/v2\/types\/page"}],"author":[{"embeddable":true,"href":"https:\/\/www.nytonlist.net\/index.php?rest_route=\/wp\/v2\/users\/3"}],"replies":[{"embeddable":true,"href":"https:\/\/www.nytonlist.net\/index.php?rest_route=%2Fwp%2Fv2%2Fcomments&post=1556"}],"version-history":[{"count":16,"href":"https:\/\/www.nytonlist.net\/index.php?rest_route=\/wp\/v2\/pages\/1556\/revisions"}],"predecessor-version":[{"id":5756,"href":"https:\/\/www.nytonlist.net\/index.php?rest_route=\/wp\/v2\/pages\/1556\/revisions\/5756"}],"wp:featuredmedia":[{"embeddable":true,"href":"https:\/\/www.nytonlist.net\/index.php?rest_route=\/wp\/v2\/media\/1559"}],"wp:attachment":[{"href":"https:\/\/www.nytonlist.net\/index.php?rest_route=%2Fwp%2Fv2%2Fmedia&parent=1556"}],"curies":[{"name":"wp","href":"https:\/\/api.w.org\/{rel}","templated":true}]}}