{"id":97,"date":"2011-09-24T01:49:58","date_gmt":"2011-09-24T01:49:58","guid":{"rendered":"http:\/\/www.nytonlist.net\/?page_id=97"},"modified":"2014-07-16T18:01:07","modified_gmt":"2014-07-16T18:01:07","slug":"viltu-koma-thinni-tonlist-a-framfaeri","status":"publish","type":"page","link":"https:\/\/www.nytonlist.net\/?page_id=97","title":{"rendered":"\u00cdslenskt og efnilegt"},"content":{"rendered":"<div class=\"fb-like\" data-href=\"http:\/\/www.nytonlist.net\/?page_id=97\" data-send=\"false\" data-width=\"450\" data-show-faces=\"true\"><\/div>\n<p>\u00dea\u00f0 er allt of miki\u00f0 af af l\u00edti\u00f0 \u00feekktu t\u00f3nlistarf\u00f3lki \u00e1 \u00cdslandi og viljum vi\u00f0 hj\u00e1lpa \u00feeim a\u00f0 koma \u00feeirra t\u00f3nlist \u00e1 framf\u00e6ri. Ef \u00fe\u00fa vilt koma \u00feinni t\u00f3nlist \u00e1 framf\u00e6ri e\u00f0a veist um einhvern t\u00f3nlistarmann e\u00f0a hlj\u00f3msveit \u00a0ekki hika vi\u00f0 a\u00f0 hafa samband \u00e1 islenskt@nytonlist.net me\u00f0 uppl\u00fdsingum um \u00feig og e\u00f0a \u00fe\u00edna hlj\u00f3msveit.<\/p>\n<p>&nbsp;<\/p>\n<p>\u00dea\u00f0 \u00fearf a\u00f0 senda me\u00f0 p\u00f3stinum stutta l\u00fdsingu \u00e1 flytjanda og laginu sj\u00e1lfu\u00a0ef \u00fea\u00f0 er frumsami\u00f0.<br \/>\nGott er a\u00f0 senda mynd me\u00f0 af flytjanda \u00a0sem vi\u00f0 getum sent me\u00f0 fr\u00e9ttinni.<br \/>\nFlytjandi \u00fearf a\u00f0 hafa n\u00e1\u00f0 t\u00f3lf \u00e1ra aldri (\u00e1ri\u00f0 gildir).<br \/>\nH\u00e6gt er a\u00f0 senda sl\u00f3\u00f0 \u00e1 lagi\u00f0 ef \u00fea\u00f0 er \u00feegar komi\u00f0 \u00e1 neti\u00f0 e\u00f0a senda lagi\u00f0 sem vi\u00f0hengi me\u00f0 p\u00f3stinum.<\/p>\n<p><a title=\"L\u00f6g fr\u00e1 \u00cdslenskum og efnilegum flytjendum\" href=\"http:\/\/www.nytonlist.net\/?cat=8\">L\u00f6g fr\u00e1 \u00cdslenskum og efnilegum flytjendum<\/a><\/p>\n<div><div style=\"padding-top:10px;margin-bottom:10px;font-size:10pt;font-family:arial;font-weight:bold;\"><\/div><div class=simplesocial><a href=\"http:\/\/twitter.com\/share\" data-url=\"https:\/\/www.nytonlist.net\/?page_id=97\" data-text=\"%C3%8Dslenskt+og+efnilegt\" class=\"twitter-share-button\" data-count=\"horizontal\">Tweet<\/a><script type=\"text\/javascript\" src=\"http:\/\/platform.twitter.com\/widgets.js\"><\/script><\/div><div class=simplesocial><iframe src=\"http:\/\/www.facebook.com\/plugins\/like.php?href=https%3A%2F%2Fwww.nytonlist.net%2F%3Fpage_id%3D97&layout=standard&show_faces=false&width=450&action=like&colorscheme=light&height=35\" scrolling=\"no\" frameborder=\"0\" style=\"border:none; overflow:hidden; width:450px; height:25px;\" allowTransparency=\"true\"><\/iframe><\/div><div style=\"clear:both\"><\/div><a class=simplesocial onclick=\"return simplesocial(this,500,400)\" title=\"Share on Facebook\" style=\"background:url(http:\/\/www.nytonlist.net\/wp-content\/plugins\/simple-social-sharing-widgets-icons\/icons_32\/facebook.png)\" href=\"http:\/\/www.facebook.com\/share.php?u=https%3A%2F%2Fwww.nytonlist.net%2F%3Fpage_id%3D97&t=%C3%8Dslenskt+og+efnilegt\"><\/a><a class=simplesocial onclick=\"return simplesocial(this,435,500)\" title=\"Email a Friend\" style=\"background:url(http:\/\/www.nytonlist.net\/wp-content\/plugins\/simple-social-sharing-widgets-icons\/icons_32\/email.png)\" href=\"http:\/\/www.freetellafriend.com\/tell\/?heading=Share+This+Article&bg=1&option=email&url=https%3A%2F%2Fwww.nytonlist.net%2F%3Fpage_id%3D97\"><\/a><a class=simplesocial onclick=\"return simplesocial(this,750,500)\" title=\"Share on Google\" style=\"background:url(http:\/\/www.nytonlist.net\/wp-content\/plugins\/simple-social-sharing-widgets-icons\/icons_32\/google.png)\" href=\"http:\/\/www.google.com\/bookmarks\/mark?op=add&bkmk=https%3A%2F%2Fwww.nytonlist.net%2F%3Fpage_id%3D97&title=%C3%8Dslenskt+og+efnilegt\"><\/a><\/div><div style=\"clear:both;margin-bottom:20px\"><\/div>","protected":false},"excerpt":{"rendered":"<p>\u00dea\u00f0 er allt of miki\u00f0 af af l\u00edti\u00f0 \u00feekktu t\u00f3nlistarf\u00f3lki \u00e1 \u00cdslandi og viljum vi\u00f0 hj\u00e1lpa \u00feeim a\u00f0 koma \u00feeirra t\u00f3nlist \u00e1 framf\u00e6ri. Ef \u00fe\u00fa vilt koma \u00feinni t\u00f3nlist \u00e1 framf\u00e6ri e\u00f0a veist um einhvern t\u00f3nlistarmann e\u00f0a hlj\u00f3msveit \u00a0ekki hika vi\u00f0 a\u00f0 hafa samband \u00e1 islenskt@nytonlist.net me\u00f0 uppl\u00fdsingum um \u00feig og e\u00f0a \u00fe\u00edna hlj\u00f3msveit. &nbsp; \u00dea\u00f0 \u00fearf a\u00f0 senda me\u00f0&#8230;<\/p>\n","protected":false},"author":3,"featured_media":0,"parent":0,"menu_order":0,"comment_status":"closed","ping_status":"open","template":"","meta":{"footnotes":"","_links_to":"","_links_to_target":""},"_links":{"self":[{"href":"https:\/\/www.nytonlist.net\/index.php?rest_route=\/wp\/v2\/pages\/97"}],"collection":[{"href":"https:\/\/www.nytonlist.net\/index.php?rest_route=\/wp\/v2\/pages"}],"about":[{"href":"https:\/\/www.nytonlist.net\/index.php?rest_route=\/wp\/v2\/types\/page"}],"author":[{"embeddable":true,"href":"https:\/\/www.nytonlist.net\/index.php?rest_route=\/wp\/v2\/users\/3"}],"replies":[{"embeddable":true,"href":"https:\/\/www.nytonlist.net\/index.php?rest_route=%2Fwp%2Fv2%2Fcomments&post=97"}],"version-history":[{"count":17,"href":"https:\/\/www.nytonlist.net\/index.php?rest_route=\/wp\/v2\/pages\/97\/revisions"}],"predecessor-version":[{"id":5661,"href":"https:\/\/www.nytonlist.net\/index.php?rest_route=\/wp\/v2\/pages\/97\/revisions\/5661"}],"wp:attachment":[{"href":"https:\/\/www.nytonlist.net\/index.php?rest_route=%2Fwp%2Fv2%2Fmedia&parent=97"}],"curies":[{"name":"wp","href":"https:\/\/api.w.org\/{rel}","templated":true}]}}